{"id":3,"date":"2025-10-09T13:28:35","date_gmt":"2025-10-09T13:28:35","guid":{"rendered":"https:\/\/eplopal.cfolks.pl\/?page_id=3"},"modified":"2025-12-18T12:48:10","modified_gmt":"2025-12-18T12:48:10","slug":"datenschutzerklarung","status":"publish","type":"page","link":"https:\/\/elpolap.com\/de\/polityka-prywatnosci\/","title":{"rendered":"Datenschutzerkl\u00e4rung"},"content":{"rendered":"<h1 class=\"wp-block-heading\"><strong>Datenschutzerkl\u00e4rung<\/strong><\/h1>\n\n\n\n<h2 class=\"wp-block-heading\"><strong>Pers\u00f6nliche Daten<\/strong><\/h2>\n\n\n\n<p>Der Verantwortliche f\u00fcr Ihre personenbezogenen Daten im Sinne der Datenschutzbestimmungen ist Elpolap sp\u00f3\u0142ka z ograniczon\u0105 odpowiedzialno\u015bci\u0105 mit Sitz in Zalasewo (62-020), mit Sitz in der Orzechowa 21, eingetragen im Unternehmerregister des Amtsgerichts Pozna\u0144 Nowe Miasto-Wilda in Pozna\u0144 unter der Nummer KRS 0000998412, NIP 777 339 64 75, REGON 523459038, mit einem Stammkapital von 5000 Zloty (voll eingezahlt).<\/p>\n\n\n\n<p>Die Zwecke, Rechtsgrundlagen und Dauer der Verarbeitung personenbezogener Daten werden f\u00fcr jeden Verarbeitungszweck gesondert angegeben (siehe untenstehende Bestimmungen mit einer detaillierten Beschreibung der verschiedenen Verarbeitungszwecke).<br><br>Im Zusammenhang mit der Verarbeitung Ihrer personenbezogenen Daten durch uns haben Sie folgende Rechte:<\/p>\n\n\n\n<ul class=\"wp-block-list\">\n<li>das Recht, Zugang zu Ihren personenbezogenen Daten zu verlangen, diese zu berichtigen, zu l\u00f6schen oder deren Verarbeitung einzuschr\u00e4nken,<\/li>\n\n\n\n<li>das Recht, Widerspruch gegen die Verarbeitung einzulegen,<\/li>\n\n\n\n<li>Recht auf Daten\u00fcbertragbarkeit,<\/li>\n\n\n\n<li>das Recht, die Einwilligung zur Verarbeitung personenbezogener Daten f\u00fcr einen bestimmten Zweck zu widerrufen, wenn Sie zuvor eine solche Einwilligung erteilt haben,<\/li>\n\n\n\n<li>das Recht, bei der Aufsichtsbeh\u00f6rde Beschwerde gegen die Verarbeitung Ihrer personenbezogenen Daten durch uns einzulegen.<\/li>\n<\/ul>\n\n\n\n<p>Sie k\u00f6nnen die oben genannten Rechte gem\u00e4\u00df den in den Artikeln 16 bis 21 der DSGVO beschriebenen Regeln aus\u00fcben, indem Sie uns unter biuro@elpolap.com.pl kontaktieren.\u00a0 Wir k\u00f6nnen Ihnen die Aus\u00fcbung einiger der oben genannten Rechte verweigern, wenn die Aus\u00fcbung eines bestimmten Rechts im Widerspruch zu einem berechtigten Zweck der Datenverarbeitung durch uns stehen w\u00fcrde.  Beispielsweise k\u00f6nnen wir Ihnen die L\u00f6schung Ihrer personenbezogenen Daten aus Ihrer Bestellung bis zum Ablauf der Verj\u00e4hrungsfrist f\u00fcr Anspr\u00fcche aus dem \u00fcber den Shop abgeschlossenen Vertrag verweigern.<br><br>Die Angabe Ihrer personenbezogenen Daten ist stets freiwillig, jedoch erforderlich, um ein Konto auf der Website zu erstellen, eine Bestellung aufzugeben, sich f\u00fcr den Newsletter anzumelden, mit uns in Kontakt zu treten, vom Vertrag zur\u00fcckzutreten oder eine Reklamation einzureichen.<br><br>Wir garantieren Ihnen die Vertraulichkeit aller uns \u00fcbermittelten personenbezogenen Daten. Wir versichern Ihnen, dass wir alle Sicherheitsma\u00dfnahmen und den Schutz personenbezogener Daten gew\u00e4hrleisten, die gem\u00e4\u00df den Datenschutzbestimmungen erforderlich sind. Personenbezogene Daten werden mit der gebotenen Sorgfalt erhoben und angemessen vor dem Zugriff durch Unbefugte gesch\u00fctzt. Personenbezogene Daten werden ausschlie\u00dflich innerhalb der Europ\u00e4ischen Union verarbeitet.<\/p>\n\n\n\n<h3 class=\"wp-block-heading\"><strong>Wie lange wir Ihre Daten speichern<\/strong><\/h3>\n\n\n\n<p>Wenn Sie einen Kommentar hinterlassen, werden dessen Inhalt und Metadaten auf unbestimmte Zeit gespeichert. Dadurch k\u00f6nnen wir weitere Kommentare automatisch erkennen und freigeben, ohne sie jedes Mal zur Moderation zu senden.<br><br>Wir speichern auch die Daten von Nutzern, die das Formular f\u00fcr eine Angebotsanfrage (kostenlose Preisangabe) auf unserer Website ausgef\u00fcllt haben. Jeder Nutzer kann seine pers\u00f6nlichen Daten jederzeit einsehen, korrigieren oder l\u00f6schen. Die Administratoren der Website k\u00f6nnen diese Informationen ebenfalls einsehen und \u00e4ndern.<\/p>\n\n\n\n<h3 class=\"wp-block-heading\"><strong>Welche Rechte haben Sie in Bezug auf Ihre Daten?<\/strong><\/h3>\n\n\n\n<p>Wenn Sie das Kontaktformular ausgef\u00fcllt oder Kommentare auf dieser Website hinterlassen haben, k\u00f6nnen Sie eine Datei mit allen Ihren bei uns gespeicherten personenbezogenen Daten anfordern, einschlie\u00dflich aller von Ihnen bereitgestellten Daten. Sie k\u00f6nnen auch verlangen, dass wir alle Ihre personenbezogenen Daten, die sich in unserem Besitz befinden, l\u00f6schen. Dies gilt nicht f\u00fcr Daten, die wir aus administrativen, rechtlichen oder Sicherheitsgr\u00fcnden aufbewahren m\u00fcssen.<\/p>\n\n\n\n<h3 class=\"wp-block-heading\"><strong>Auftragsverarbeitung<\/strong><\/h3>\n\n\n\n<p>Bez\u00fcglich aller auf dieser Website verlinkten Websites, die nicht im Besitz des Administrators sind oder von ihm kontrolliert werden, \u00fcbernimmt der Administrator keine Verantwortung f\u00fcr deren Inhalte oder die f\u00fcr die Nutzer geltenden Datenschutzrichtlinien. Beim Aufruf einer Website mit einem solchen Link stellt der Browser des Nutzers eine direkte Verbindung zu den Servern der Betreiber sozialer Netzwerke (Dienstanbieter) her. Der Inhalt des Plugins wird vom jeweiligen Dienstanbieter direkt an den Browser des Nutzers \u00fcbertragen und in die Website eingebunden. Durch diese Einbindung wird den Dienstanbietern mitgeteilt, dass der Browser des Nutzers die Website des Administrators aufgerufen hat, selbst wenn der Nutzer kein Profil beim Dienstanbieter besitzt oder nicht angemeldet ist. Diese Information (zusammen mit der IP-Adresse) wird vom Browser des Nutzers direkt an den Server des Dienstanbieters (einige Server befinden sich in den USA) gesendet und dort gespeichert. Ist der Nutzer bei einem sozialen Netzwerk angemeldet, kann der Dienstanbieter den Besuch der Website des Administrators direkt dem Profil des Nutzers in diesem sozialen Netzwerk zuordnen. Nutzt der Nutzer ein bestimmtes Plugin, beispielsweise durch Klicken auf den \u201eGef\u00e4llt mir\u201c- oder \u201eTeilen\u201c-Button, werden die entsprechenden Informationen direkt an den Server des jeweiligen Dienstanbieters gesendet und dort gespeichert. Diese Informationen werden au\u00dferdem auf der jeweiligen Social-Media-Plattform ver\u00f6ffentlicht und sind f\u00fcr die Kontakte des Nutzers sichtbar. Zweck und Umfang der Datenerhebung sowie deren weitere Verarbeitung und Nutzung durch die Dienstanbieter, die diesbez\u00fcglichen Kontaktm\u00f6glichkeiten und Rechte des Nutzers sowie die M\u00f6glichkeit, Einstellungen zum Schutz seiner Privatsph\u00e4re vorzunehmen, sind in den Datenschutzrichtlinien der einzelnen Dienstanbieter beschrieben.<\/p>\n\n\n\n<p>Wenn der Nutzer nicht m\u00f6chte, dass soziale Medien die w\u00e4hrend des Besuchs der Website des Administrators erfassten Daten direkt mit seinem Profil auf dieser Website verkn\u00fcpfen, sollte er sich vor dem Besuch der Website abmelden. Der Nutzer kann au\u00dferdem das Laden von Plugins auf der Website vollst\u00e4ndig verhindern, indem er geeignete Browsererweiterungen, wie z. B. Skriptblocker, verwendet.<\/p>\n\n\n\n<p>Der Verantwortliche verarbeitet personenbezogene Daten von Nutzern, die die Social-Media-Profile des Verantwortlichen (Facebook, Instagram, YouTube, Twitter, Google+, LinkedIn) besuchen. Diese Daten werden verarbeitet, um Nutzer \u00fcber die Aktivit\u00e4ten des Verantwortlichen zu informieren, Dienstleistungen anzubieten und mit Nutzern \u00fcber Social-Media-Tools zu kommunizieren. Rechtsgrundlage f\u00fcr die Verarbeitung personenbezogener Daten zu diesem Zweck ist das berechtigte Interesse des Verantwortlichen (Art. 6 Abs. 1 lit. f DSGVO) an der F\u00f6rderung seiner Marke und Dienstleistungen sowie am Aufbau und der Pflege einer mit der Marke verbundenen Community.<\/p>\n\n\n\n<p>Im Rahmen des Website-Betriebs kann der Administrator bestimmte Inhalte automatisch an die Bed\u00fcrfnisse des Nutzers anpassen, d. h. ein Profil erstellen. Hierf\u00fcr nutzt er die vom Nutzer bereitgestellten personenbezogenen Daten. Dieses Profiling umfasst im Wesentlichen die automatische Bewertung, welche Produkte den Nutzer aufgrund seiner bisherigen Online-Aktivit\u00e4ten, einschlie\u00dflich seiner Aktivit\u00e4ten auf den Websites des Administrators, interessieren k\u00f6nnten, und die Anzeige von Werbung f\u00fcr diese Produkte. Das vom Administrator durchgef\u00fchrte Profiling hat keine rechtlichen Konsequenzen f\u00fcr den Nutzer und auch keine \u00e4hnlich erheblichen Auswirkungen auf ihn.<\/p>\n\n\n\n<h2 class=\"wp-block-heading\"><strong>Bereitstellung von Dienstleistungen<\/strong><\/h2>\n\n\n\n<h3 class=\"wp-block-heading\"><strong>Kontaktformular<\/strong><\/h3>\n\n\n\n<p>Auf der Website elpolap.com.pl k\u00f6nnen Nutzer ein kostenloses Erstangebot anfordern. Im Formular m\u00fcssen sie Kontaktdaten wie Name, E-Mail-Adresse, Telefonnummer und Firmenname angeben. Anschlie\u00dfend beschreiben sie ihr Projekt detailliert, damit wir ihre Bed\u00fcrfnisse und Erwartungen verstehen und ihnen ein unverbindliches Angebot erstellen k\u00f6nnen. Diese Informationen werden dann an unsere E-Mail-Adresse und unser CRM-System \u00fcbermittelt.&nbsp;<\/p>\n\n\n\n<p>Die Angabe von Kontaktdaten im Formular gilt als Zustimmung, zum Zwecke der Unterbreitung eines kommerziellen Angebots kontaktiert zu werden.&nbsp;<\/p>\n\n\n\n<p>Ihre in diesem Formular enthaltenen personenbezogenen Daten werden nur so lange verarbeitet, wie es f\u00fcr die Entscheidungsfindung \u00fcber eine m\u00f6gliche Zusammenarbeit erforderlich ist. Sie k\u00f6nnen die angegebenen Daten jederzeit l\u00f6schen; in diesem Fall werden Ihre personenbezogenen Daten auch aus der Datenbank gel\u00f6scht.<\/p>\n\n\n\n<h3 class=\"wp-block-heading\"><strong>Kostenlose Pr\u00fcfung<\/strong><\/h3>\n\n\n\n<p>Auf der Website elpolap.com.pl k\u00f6nnen Nutzer eine kostenlose Analyse ihres ausgew\u00e4hlten Social-Media-Profils anfordern. Diese Basisanalyse ist kostenlos. Im Formular m\u00fcssen Nutzer Kontaktdaten wie Name, E-Mail-Adresse, Telefonnummer, Firmenname und einen Link zu ihrem Social-Media-Profil angeben. Anschlie\u00dfend beschreiben sie ihr Projekt detailliert, damit wir ihre Bed\u00fcrfnisse und Erwartungen verstehen und die kostenlose Analyse durchf\u00fchren k\u00f6nnen. Die Daten werden an unsere E-Mail-Adresse und unser CRM-System \u00fcbermittelt.&nbsp;<\/p>\n\n\n\n<p>Die Angabe von Kontaktdaten im Formular gilt als Zustimmung, zum Zwecke der Unterbreitung eines kommerziellen Angebots kontaktiert zu werden.&nbsp;<\/p>\n\n\n\n<p>Ihre in diesem Formular enthaltenen personenbezogenen Daten werden nur so lange verarbeitet, wie es f\u00fcr die Entscheidungsfindung \u00fcber eine m\u00f6gliche Zusammenarbeit erforderlich ist. Sie k\u00f6nnen die angegebenen Daten jederzeit l\u00f6schen; in diesem Fall werden Ihre personenbezogenen Daten auch aus der Datenbank gel\u00f6scht.<\/p>\n\n\n\n<h3 class=\"wp-block-heading\"><strong>Newsletter \/ Direktmarketing per E-Mail<\/strong><\/h3>\n\n\n\n<p class=\"translation-block\">\u00dcber die Website <a href=\"https:\/\/fraktal.studio\/\" target=\"_blank\" rel=\"noopener\">www.fraktal.studio<\/a> k\u00f6nnen Sie einen Newsletter abonnieren, der Informationen zu neuen Produkten, Aktionen und Dienstleistungen rund um die Website enth\u00e4lt. Zum Versand des Newsletters werden Ihre personenbezogenen Daten, einschlie\u00dflich Name, E-Mail-Adresse und Ihrer Aktivit\u00e4ten auf der Website (z. B. f\u00fcr individuelle Blogbeitr\u00e4ge oder Produktempfehlungen), verarbeitet.<\/p>\n\n\n\n<p>Die Rechtsgrundlage f\u00fcr die Verarbeitung Ihrer personenbezogenen Daten zum Zweck des Newsletters ist Ihre Einwilligung, die Sie durch Ankreuzen des entsprechenden Kontrollk\u00e4stchens bei der Anmeldung zum Newsletter erteilen. Sie k\u00f6nnen diese Einwilligung jederzeit widerrufen, indem Sie den Newsletter abbestellen.<\/p>\n\n\n\n<p>Die Daten werden f\u00fcr die Dauer des Newsletter-Abonnements verarbeitet, es sei denn, Sie machen von Ihrem Recht auf Vergessenwerden Gebrauch, was auch die L\u00f6schung Ihrer Daten beinhaltet.<\/p>\n\n\n\n<h3 class=\"wp-block-heading\"><strong>E-Mail-Kontakt\/Kontaktformular&nbsp;<\/strong><\/h3>\n\n\n\n<p>Wenn Sie uns per E-Mail kontaktieren, geben Sie uns selbstverst\u00e4ndlich Ihre E-Mail-Adresse als Absenderadresse an. Sie k\u00f6nnen Ihrer Nachricht auch weitere personenbezogene Daten hinzuf\u00fcgen.<\/p>\n\n\n\n<p>Die Rechtsgrundlage f\u00fcr die Verarbeitung personenbezogener Daten in einem solchen Fall ist Ihre Einwilligung, die Sie durch die Kontaktaufnahme mit uns erteilen.<\/p>\n\n\n\n<p>Ihre uns per E-Mail \u00fcbermittelten personenbezogenen Daten werden ausschlie\u00dflich zum Zweck der Bearbeitung Ihrer Anfrage verarbeitet. Der Inhalt der Korrespondenz kann archiviert werden.<\/p>\n\n\n\n<h3 class=\"wp-block-heading\"><strong>Wiederherstellung aufgegebener Formulare<\/strong><\/h3>\n\n\n\n<p>Unsere Website verf\u00fcgt \u00fcber eine Funktion zur Wiederherstellung abgebrochener Formulare. Das bedeutet: Wenn Sie das Formular f\u00fcr ein kostenloses Angebot nur teilweise ausf\u00fcllen und die Website dann verlassen, erhalten Sie eine E-Mail-Erinnerung, um das Formular zu vervollst\u00e4ndigen. Zu diesem Zweck werden Ihre personenbezogenen Daten im Zusammenhang mit der unvollst\u00e4ndigen Angebotsanfrage verarbeitet.<\/p>\n\n\n\n<h2 class=\"wp-block-heading\" id=\"cookies\"><strong>Cookies und andere Tracking-Technologien<\/strong><\/h2>\n\n\n\n<p>Unsere Website verwendet, wie fast alle anderen Websites auch, Cookies, um Ihnen das beste Nutzungserlebnis zu bieten.<\/p>\n\n\n\n<p>Cookies sind kleine Textinformationen, die auf Ihrem Endger\u00e4t (z. B. Computer, Tablet, Smartphone) gespeichert werden und von meinem IT-System gelesen werden k\u00f6nnen.<\/p>\n\n\n\n<p>Cookies erm\u00f6glichen uns Folgendes:<\/p>\n\n\n\n<ul class=\"wp-block-list\">\n<li>gew\u00e4hrleisten Sie das ordnungsgem\u00e4\u00dfe Funktionieren der Website, die Sie erwarten.<\/li>\n\n\n\n<li>Ihre Einstellungen werden w\u00e4hrend und zwischen den Besuchen auf der Website gespeichert.<\/li>\n\n\n\n<li>die Geschwindigkeit und Sicherheit der Website-Nutzung verbessern<\/li>\n\n\n\n<li>erm\u00f6glichen Sie es Ihnen, Inhalte in sozialen Medien zu teilen.<\/li>\n\n\n\n<li>erm\u00f6glicht es Ihnen, Inhalte von externen Websites abzuspielen.<\/li>\n\n\n\n<li>die Ihnen auf der Website zur Verf\u00fcgung stehenden Funktionen verbessern.<\/li>\n\n\n\n<li>Marketinginstrumente nutzen<\/li>\n\n\n\n<li>Wir schalten f\u00fcr Sie personalisierte Werbung.<\/li>\n<\/ul>\n\n\n\n<h3 class=\"wp-block-heading\"><strong>Zustimmung zu Cookies<\/strong><\/h3>\n\n\n\n<p>Beim ersten Besuch dieser Website werden Sie \u00fcber die Verwendung von Cookies informiert. Indem Sie diese Information akzeptieren und schlie\u00dfen, stimmen Sie der Verwendung von Cookies gem\u00e4\u00df dieser Datenschutzerkl\u00e4rung zu. Sie k\u00f6nnen Ihre Einwilligung jederzeit widerrufen, indem Sie Cookies l\u00f6schen und die Cookie-Einstellungen in Ihrem Browser \u00e4ndern. Bitte beachten Sie jedoch, dass die Deaktivierung von Cookies die Nutzung dieser und vieler anderer Websites, die Cookies verwenden, beeintr\u00e4chtigen kann.<\/p>\n\n\n\n<h3 class=\"wp-block-heading\"><strong>Eigene Cookies<\/strong><\/h3>\n\n\n\n<p>Cookies lassen sich in Erstanbieter-Cookies und Drittanbieter-Cookies unterteilen. Wir verwenden Erstanbieter-Cookies, um die einwandfreie Funktion der Website zu gew\u00e4hrleisten. Dazu geh\u00f6ren beispielsweise die korrekte Funktion des Bestellformulars und des Bestellvorgangs, die Feststellung, ob Sie angemeldet sind, das Speichern Ihrer Anmeldedaten sowie die Erfassung Ihrer Zustimmung zu den Allgemeinen Gesch\u00e4ftsbedingungen und Ihrer Einwilligung zu Marketingma\u00dfnahmen.<\/p>\n\n\n\n<h3 class=\"wp-block-heading\"><strong>Cookies von Drittanbietern<\/strong><\/h3>\n\n\n\n<p>Unsere Website nutzt, wie die meisten modernen Websites, Funktionen externer Dienste wie Facebook und YouTube.<\/p>\n\n\n\n<p>Das Abspielen von auf der Website eingebetteten YouTube-Videos erfordert die Annahme von YouTube-Cookies.<\/p>\n\n\n\n<p>Die Nutzung eines Widgets, mit dem Sie Inhalte in sozialen Netzwerken teilen k\u00f6nnen, erfordert die Annahme von Cookies von Facebook und anderen sozialen Netzwerken.<\/p>\n\n\n\n<p>Cookies von Drittanbietern werden auch f\u00fcr Remarketing- und statistische Aktivit\u00e4ten verwendet, wie im Folgenden erl\u00e4utert wird.<\/p>\n\n\n\n<h3 class=\"wp-block-heading\"><strong>Cookies, die zu statistischen Zwecken verwendet werden<\/strong><\/h3>\n\n\n\n<p>Wir verwenden Cookies, um Website-Statistiken zu erfassen, wie z. B. die Anzahl der Besucher, das verwendete Betriebssystem und den Browser, die Verweildauer auf der Website, besuchte Unterseiten usw. Hierf\u00fcr nutzen wir Google Analytics. Die dabei erhobenen Daten sind vollst\u00e4ndig anonym und lassen keine R\u00fcckschl\u00fcsse auf Ihre Person zu.<\/p>\n\n\n\n<h3 class=\"wp-block-heading\"><strong>Marketing-Cookies&nbsp;<\/strong><\/h3>\n\n\n\n<p>Wir verwenden Cookies f\u00fcr Remarketing-Aktivit\u00e4ten, bei denen Ihnen Anzeigen pr\u00e4sentiert werden, die Sie dazu anregen sollen, auf die Website zur\u00fcckzukehren oder Aktionen, Rabatte usw. in Anspruch zu nehmen. Wir verwenden au\u00dferdem Tracking-Code von Websites wie Facebook, Google Ads, LinkedIn und TikTok, der es uns erm\u00f6glicht, Ihnen auf den genannten Websites gezielte Werbung anzuzeigen.&nbsp;&nbsp;<\/p>\n\n\n\n<h3 class=\"wp-block-heading\"><strong>WordPress-Cookies<\/strong><\/h3>\n\n\n\n<p>Wenn Sie einen Kommentar auf unserer Website hinterlassen, k\u00f6nnen Sie Ihren Namen, Ihre E-Mail-Adresse und Ihre Website-Adresse in Cookies speichern lassen, um Ihre Daten bei zuk\u00fcnftigen Kommentaren einfach wiederzugeben. Diese Cookies sind ein Jahr g\u00fcltig.<\/p>\n\n\n\n<p>Wenn Sie ein Konto besitzen und sich auf dieser Website anmelden, setzen wir ein tempor\u00e4res Cookie, um festzustellen, ob Ihr Browser Cookies akzeptiert. Dieses Cookie enth\u00e4lt keine personenbezogenen Daten und wird beim Schlie\u00dfen des Browsers gel\u00f6scht.<\/p>\n\n\n\n<p>Beim Anmelden werden mehrere Cookies gesetzt, um Ihre Anmeldeinformationen und Ihre Bildschirmeinstellungen zu speichern. Anmelde-Cookies sind zwei Tage g\u00fcltig, Cookies f\u00fcr Bildschirmeinstellungen ein Jahr. Wenn Sie \u201eAngemeldet bleiben\u201c ausw\u00e4hlen, ist Ihre Anmeldung zwei Wochen g\u00fcltig. Wenn Sie sich abmelden, werden die Anmelde-Cookies gel\u00f6scht.<\/p>\n\n\n\n<p>Wenn Sie einen Artikel bearbeiten oder ver\u00f6ffentlichen, wird ein zus\u00e4tzlicher Cookie in Ihrem Browser gespeichert. Dieser Cookie enth\u00e4lt keine personenbezogenen Daten und speichert lediglich die Beitrags-ID des bearbeiteten Artikels. Er l\u00e4uft nach einem Tag ab.<\/p>\n\n\n\n<h3 class=\"wp-block-heading\"><strong>Kommentare<\/strong><\/h3>\n\n\n\n<p>Wenn Besucher Kommentare auf der Website hinterlassen, erfassen wir die im Kommentarformular angezeigten Daten sowie die IP-Adresse und den Browser-User-Agent-String des Besuchers, um die Spam-Erkennung zu unterst\u00fctzen.<\/p>\n\n\n\n<p>Eine anonymisierte Zeichenfolge, die aus Ihrer E-Mail-Adresse erstellt wird (auch Hash genannt), kann an den Gravatar-Dienst \u00fcbermittelt werden, um zu pr\u00fcfen, ob Sie diesen nutzen. Die Datenschutzrichtlinie von Gravatar finden Sie hier: https:\/\/automattic.com\/privacy\/. Sobald Ihr Kommentar freigegeben wurde, ist Ihr Profilbild im Kontext Ihres Kommentars \u00f6ffentlich sichtbar.<\/p>\n\n\n\n<p>Besucherkommentare k\u00f6nnen durch einen automatisierten Spam-Erkennungsdienst \u00fcberpr\u00fcft werden.<\/p>\n\n\n\n<h3 class=\"wp-block-heading\"><strong>Medien<\/strong><\/h3>\n\n\n\n<p>Wenn Sie als registrierter Nutzer Bilder auf die Website hochladen, sollten Sie darauf achten, keine Bilder mit EXIF-Standortdaten hochzuladen. Besucher der Website k\u00f6nnen die vollst\u00e4ndigen Standortdaten der Bilder herunterladen und auslesen.<\/p>\n\n\n\n<h2 class=\"wp-block-heading\"><strong>Zus\u00e4tzliche Tracking-Tools<\/strong><\/h2>\n\n\n\n<p>Die Website verf\u00fcgt \u00fcber zus\u00e4tzliche Tools zur \u00dcberwachung des Nutzerverhaltens und zur Aufzeichnung sogenannter Heatmaps \u2013 also der Positionen, an denen sich der Mauszeiger bewegt. Diese Daten werden in Text- und Grafikform gespeichert, um die Website zu verbessern, das Nutzererlebnis zu optimieren und personalisierte Kaufempfehlungen auf der Website und in E-Mails zu generieren.<\/p>\n\n\n\n<h2 class=\"wp-block-heading\"><strong>Serverprotokolle&nbsp;<\/strong><\/h2>\n\n\n\n<p>Die Nutzung der Website beinhaltet das Senden von Anfragen an den Server, auf dem die Website gespeichert ist. Jede an den Server gesendete Anfrage wird in den Serverprotokollen aufgezeichnet.<\/p>\n\n\n\n<p>Die Protokolle enthalten unter anderem Ihre IP-Adresse, Datum und Uhrzeit des Serverzugriffs sowie Informationen \u00fcber Ihren Webbrowser und Ihr Betriebssystem. Die Protokolle werden auf dem Server gespeichert.<\/p>\n\n\n\n<p>Die in Serverprotokollen gespeicherten Daten werden nicht mit bestimmten Personen, die die Website nutzen, in Verbindung gebracht und werden von uns nicht dazu verwendet, Sie zu identifizieren.<\/p>\n\n\n\n<p>Serverprotokolle sind lediglich Hilfsmaterial, das zur Verwaltung der Website verwendet wird, und ihr Inhalt wird niemandem au\u00dfer den zur Serververwaltung berechtigten Personen offengelegt.<\/p>\n\n\n\n<h2 class=\"wp-block-heading\"><strong>Eingebettete Inhalte von anderen Websites<\/strong><\/h2>\n\n\n\n<p>Artikel auf dieser Website k\u00f6nnen eingebettete Inhalte (z. B. Videos, Bilder, Artikel usw.) enthalten. Eingebettete Inhalte von anderen Websites verhalten sich so, als ob der Besucher die andere Website direkt besucht h\u00e4tte.<\/p>\n\n\n\n<p>Diese Websites k\u00f6nnen Daten \u00fcber Sie sammeln, Cookies verwenden, zus\u00e4tzliche Tracking-Technologien von Drittanbietern einbetten und Ihre Interaktion mit diesen eingebetteten Inhalten \u00fcberwachen, einschlie\u00dflich der Nachverfolgung Ihrer Interaktion mit den eingebetteten Inhalten, wenn Sie ein Konto besitzen und auf dieser Website angemeldet sind.<\/p>","protected":false},"excerpt":{"rendered":"<p>Polityka prywatno\u015bci Dane osobowe Administratorem Twoich danych osobowych w rozumieniu przepis\u00f3w o ochronie danych osobowych jest Elpolap sp\u00f3\u0142ka z ograniczon\u0105 odpowiedzialno\u015bci\u0105 z siedzib\u0105 w Zalasewie (62-020), przy ul. Orzechowa 21, zarejestrowana w rejestrze przedsi\u0119biorc\u00f3w przez S\u0105d Rejonowy Pozna\u0144 Nowe Miasto-Wilda w Poznaniu, pod numerem KRS 0000998412, NIP 777 339 64 75, REGON 523459038, o kapitale [&hellip;]<\/p>\n","protected":false},"author":1,"featured_media":0,"parent":0,"menu_order":0,"comment_status":"closed","ping_status":"open","template":"page-polityka-prywatnosci.php","meta":{"footnotes":""},"class_list":["post-3","page","type-page","status-publish","hentry"],"_links":{"self":[{"href":"https:\/\/elpolap.com\/de\/wp-json\/wp\/v2\/pages\/3","targetHints":{"allow":["GET"]}}],"collection":[{"href":"https:\/\/elpolap.com\/de\/wp-json\/wp\/v2\/pages"}],"about":[{"href":"https:\/\/elpolap.com\/de\/wp-json\/wp\/v2\/types\/page"}],"author":[{"embeddable":true,"href":"https:\/\/elpolap.com\/de\/wp-json\/wp\/v2\/users\/1"}],"replies":[{"embeddable":true,"href":"https:\/\/elpolap.com\/de\/wp-json\/wp\/v2\/comments?post=3"}],"version-history":[{"count":4,"href":"https:\/\/elpolap.com\/de\/wp-json\/wp\/v2\/pages\/3\/revisions"}],"predecessor-version":[{"id":793,"href":"https:\/\/elpolap.com\/de\/wp-json\/wp\/v2\/pages\/3\/revisions\/793"}],"wp:attachment":[{"href":"https:\/\/elpolap.com\/de\/wp-json\/wp\/v2\/media?parent=3"}],"curies":[{"name":"wp","href":"https:\/\/api.w.org\/{rel}","templated":true}]}}