{"id":3,"date":"2025-10-09T13:28:35","date_gmt":"2025-10-09T13:28:35","guid":{"rendered":"https:\/\/eplopal.cfolks.pl\/?page_id=3"},"modified":"2025-12-18T12:48:10","modified_gmt":"2025-12-18T12:48:10","slug":"polityka-prywatnosci","status":"publish","type":"page","link":"https:\/\/elpolap.com\/pl\/polityka-prywatnosci\/","title":{"rendered":"Polityka prywatno\u015bci"},"content":{"rendered":"\n<h1 class=\"wp-block-heading\"><strong>Polityka prywatno\u015bci<\/strong><\/h1>\n\n\n\n<h2 class=\"wp-block-heading\"><strong>Dane osobowe<\/strong><\/h2>\n\n\n\n<p>Administratorem Twoich danych osobowych w rozumieniu przepis\u00f3w o ochronie danych osobowych jest Elpolap sp\u00f3\u0142ka z ograniczon\u0105 odpowiedzialno\u015bci\u0105 z siedzib\u0105 w Zalasewie (62-020), przy ul. Orzechowa 21, zarejestrowana w rejestrze przedsi\u0119biorc\u00f3w przez S\u0105d Rejonowy Pozna\u0144 Nowe Miasto-Wilda w Poznaniu, pod numerem KRS 0000998412, NIP 777 339 64 75, REGON 523459038, o kapitale zak\u0142adowym 5000 z\u0142otych (w ca\u0142o\u015bci wp\u0142acony).<\/p>\n\n\n\n<p>Cele, podstawy prawne oraz okres przetwarzania danych osobowych wskazane s\u0105 odr\u0119bnie w stosunku do ka\u017cdego celu przetwarzania danych (patrz: postanowienia poni\u017cej zawieraj\u0105ce szczeg\u00f3\u0142owy opis r\u00f3\u017cnych cel\u00f3w przetwarzania danych).<br><br>W zwi\u0105zku z przetwarzaniem przez nas Twoich danych osobowych, przys\u0142uguj\u0105 Ci nast\u0119puj\u0105ce uprawnienia:<\/p>\n\n\n\n<ul class=\"wp-block-list\">\n<li>prawo do \u017c\u0105dania dost\u0119pu do swoich danych osobowych, ich sprostowania, usuni\u0119cia lub ograniczenia przetwarzania,<\/li>\n\n\n\n<li>prawo do wniesienia sprzeciwu wobec przetwarzania,<\/li>\n\n\n\n<li>prawo do przenoszenia danych,<\/li>\n\n\n\n<li>prawo do cofni\u0119cia zgody na przetwarzanie danych osobowych w okre\u015blonym celu, je\u017celi uprzednio wyrazi\u0142e\u015b tak\u0105 zgod\u0119,<\/li>\n\n\n\n<li>prawo do wniesienia skargi do organu nadzorczego w zwi\u0105zku z przetwarzaniem przez nas danych osobowych.<\/li>\n<\/ul>\n\n\n\n<p>Powy\u017csze uprawnienia mo\u017cesz realizowa\u0107 zgodnie z zasadami opisanymi w art. 16 \u2013 21 RODO, kontaktuj\u0105c si\u0119 z nami pod adresem biuro@elpolap.com.pl.&nbsp; Mo\u017cemy odm\u00f3wi\u0107 Ci realizacji niekt\u00f3rych uprawnie\u0144 spo\u015br\u00f3d wskazanych powy\u017cej w sytuacji, w kt\u00f3rej realizacja danego uprawnienia sta\u0142aby w sprzeczno\u015bci z uzasadnionym celem przetwarzania przez nas danych. Przyk\u0142adowo, mo\u017cemy odm\u00f3wi\u0107 Ci usuni\u0119cia danych osobowych zawartych w z\u0142o\u017conym przez Ciebie zam\u00f3wieniu do czasu up\u0142ywu terminu przedawnienia roszcze\u0144 z tytu\u0142u zawartej za po\u015brednictwem sklepu umowy.<br><br>Podanie przez Ciebie danych osobowych jest zawsze dobrowolne, ale niezb\u0119dne, by za\u0142o\u017cy\u0107 konto w serwisie, z\u0142o\u017cy\u0107 zam\u00f3wienie, zapisa\u0107 si\u0119 na newsletter, skontaktowa\u0107 z nami, odst\u0105pi\u0107 od umowy lub z\u0142o\u017cy\u0107 reklamacj\u0119.<br><br>Gwarantujemy Ci poufno\u015b\u0107 wszelkich przekazanych nam danych osobowych. Zapewniamy podj\u0119cie wszelkich \u015brodk\u00f3w bezpiecze\u0144stwa i ochrony danych osobowych wymaganych przez przepisy o ochronie danych osobowych. Dane osobowe s\u0105 gromadzone z nale\u017cyt\u0105 staranno\u015bci\u0105 i odpowiednio chronione przed dost\u0119pem do nich przez osoby do tego nieupowa\u017cnione. Dane osobowe przetwarzane s\u0105 wy\u0142\u0105cznie na terytorium Unii Europejskiej.<\/p>\n\n\n\n<h3 class=\"wp-block-heading\"><strong>Jak d\u0142ugo przechowujemy twoje dane<\/strong><\/h3>\n\n\n\n<p>Je\u015bli zostawisz komentarz, jego tre\u015b\u0107 i metadane b\u0119d\u0105 przechowywane przez czas nieokre\u015blony. Dzi\u0119ki temu jeste\u015bmy w stanie rozpoznawa\u0107 i zatwierdza\u0107 kolejne komentarze automatycznie, bez wysy\u0142ania ich do ka\u017cdorazowej moderacji.<br><br>Przechowujemy r\u00f3wnie\u017c dane u\u017cytkownik\u00f3w, kt\u00f3rzy wype\u0142nili formularz dotycz\u0105cy zapytania ofertowego (bezp\u0142atna wycena) na naszej stronie internetowej. Ka\u017cdy u\u017cytkownik mo\u017ce dokona\u0107 wgl\u0105du, korekty albo skasowa\u0107 swoje informacje osobiste w dowolnej chwili. Administratorzy strony r\u00f3wnie\u017c mog\u0105 przegl\u0105da\u0107 i modyfikowa\u0107 te informacje.<\/p>\n\n\n\n<h3 class=\"wp-block-heading\"><strong>Jakie masz prawa do swoich danych<\/strong><\/h3>\n\n\n\n<p>Je\u015bli masz wype\u0142ni\u0142e\u015b formularz kontaktowy albo doda\u0142e\u015b komentarze w tej witrynie, mo\u017cesz za\u017c\u0105da\u0107 dostarczenia pliku z wyeksportowanym kompletem twoich danych osobistych b\u0119d\u0105cych w naszym posiadaniu, w tym ca\u0142o\u015b\u0107 tych dostarczonych przez ciebie. Mo\u017cesz r\u00f3wnie\u017c za\u017c\u0105da\u0107 usuni\u0119cia przez nas ca\u0142o\u015bci twoich danych osobistych w naszym posiadaniu. Nie dotyczy to \u017cadnych danych kt\u00f3re jeste\u015bmy zobligowani zachowa\u0107 ze wzgl\u0119d\u00f3w administracyjnych, prawnych albo bezpiecze\u0144stwa.<\/p>\n\n\n\n<h3 class=\"wp-block-heading\"><strong>Powierzanie przetwarzania danych innym podmiotom<\/strong><\/h3>\n\n\n\n<p>W odniesieniu do wszelkich witryn, do kt\u00f3rych \u0142\u0105cza znajduj\u0105 si\u0119 na Serwisie, a kt\u00f3re nie s\u0105 w\u0142asno\u015bci\u0105 Administratora ani nie podlegaj\u0105 jego kontroli, Administrator nie ponosi \u017cadnej odpowiedzialno\u015bci za ich zawarto\u015b\u0107, ani za obowi\u0105zuj\u0105ce w stosunku do U\u017cytkownik\u00f3w zasady ochrony poufno\u015bci informacji. Wy\u015bwietlaj\u0105c stron\u0119 internetow\u0105, zawieraj\u0105c\u0105 takie \u0142\u0105cze przegl\u0105darka U\u017cytkownika nawi\u0105\u017ce bezpo\u015brednie po\u0142\u0105czenie z serwerami administrator\u00f3w serwis\u00f3w spo\u0142eczno\u015bciowych (us\u0142ugodawc\u00f3w). Zawarto\u015b\u0107 wtyczki jest przekazywana przez danego us\u0142ugodawc\u0119 bezpo\u015brednio do przegl\u0105darki U\u017cytkownika i integrowana ze stron\u0105. Dzi\u0119ki tej integracji us\u0142ugodawcy otrzymuj\u0105 informacj\u0119, \u017ce przegl\u0105darka U\u017cytkownika wy\u015bwietli\u0142a stron\u0119 Administratora, nawet je\u015bli nie posiada on profilu u danego us\u0142ugodawcy czy nie jest u niego akurat zalogowany. Taka informacja (wraz z adresem IP) jest przez przegl\u0105dark\u0119 U\u017cytkownika przesy\u0142ana bezpo\u015brednio do serwera danego us\u0142ugodawcy (niekt\u00f3re serwery znajduj\u0105 si\u0119 w USA) i tam przechowywana. Je\u015bli U\u017cytkownik zalogowa\u0142 si\u0119 do jednego z serwis\u00f3w spo\u0142eczno\u015bciowych, to us\u0142ugodawca ten b\u0119dzie m\u00f3g\u0142 bezpo\u015brednio przyporz\u0105dkowa\u0107 wizyt\u0119 na stronie Administratora do profilu U\u017cytkownika w danym serwisie spo\u0142eczno\u015bciowym. Je\u015bli U\u017cytkownik u\u017cyje danej wtyczki, np. klikaj\u0105c w przycisk \u201eLubi\u0119 to\u201d lub \u201eUdost\u0119pnij\u201d, to odpowiednia informacja zostanie r\u00f3wnie\u017c przes\u0142ana bezpo\u015brednio na serwer danego us\u0142ugodawcy i tam zachowana. Ponadto, informacje te zostan\u0105 opublikowane w danym serwisie spo\u0142eczno\u015bciowym i uka\u017c\u0105 si\u0119 osobom dodanym jako kontakty U\u017cytkownika. Cel i zakres gromadzenia danych oraz ich dalszego przetwarzania i wykorzystania przez us\u0142ugodawc\u00f3w, jak r\u00f3wnie\u017c mo\u017cliwo\u015b\u0107 kontaktu oraz prawa U\u017cytkownika w tym zakresie i mo\u017cliwo\u015b\u0107 dokonania ustawie\u0144 zapewniaj\u0105cych ochron\u0119 prywatno\u015bci zosta\u0142y opisane w polityce prywatno\u015bci poszczeg\u00f3lnych us\u0142ugodawc\u00f3w.<\/p>\n\n\n\n<p>Je\u015bli U\u017cytkownik nie chce, aby serwisy spo\u0142eczno\u015bciowe przyporz\u0105dkowywa\u0142y dane zebrane w trakcie odwiedzin na stronie internetowej Administratora bezpo\u015brednio profilowi U\u017cytkownika w danym serwisie, to przed wizyt\u0105 na niej nale\u017cy si\u0119 wylogowa\u0107 z tego serwisu. U\u017cytkownik mo\u017cne r\u00f3wnie\u017c ca\u0142kowicie uniemo\u017cliwi\u0107 za\u0142adowanie na stronie wtyczek stosuj\u0105c odpowiednie rozszerzenia dla swojej przegl\u0105darki, np. blokowanie skrypt\u00f3w.<\/p>\n\n\n\n<p>Administrator przetwarza dane osobowe U\u017cytkownik\u00f3w odwiedzaj\u0105cych profile Administratora prowadzone w mediach spo\u0142eczno\u015bciowych (Facebook, Instagram, YouTube, Twitter, Google+, Linkedin). Dane te s\u0105 przetwarzane w celu informowania U\u017cytkownik\u00f3w o aktywno\u015bci Administratora, oferowaniu us\u0142ug, a tak\u017ce w celu komunikacji z U\u017cytkownikami za po\u015brednictwem narz\u0119dzi dost\u0119pnych w mediach spo\u0142eczno\u015bciowych. Podstaw\u0105 prawn\u0105 przetwarzania danych osobowych w tym celu jest uzasadniony interes Administratora (art. 6 ust. 1 lit. f RODO) polegaj\u0105cy na promowaniu w\u0142asnej marki i oferowanych us\u0142ug oraz budowaniu i utrzymaniu spo\u0142eczno\u015bci zwi\u0105zanej z mark\u0105.<\/p>\n\n\n\n<p>W ramach Serwisu Administrator mo\u017ce automatycznie dopasowywa\u0107 pewne tre\u015bci do potrzeb U\u017cytkownika, tj. dokonywa\u0107 profilowania, wykorzystuj\u0105c do tego podane przez niego dane osobowe. Profilowanie to polega przede wszystkim na automatycznej ocenie, jakimi produktami mo\u017ce by\u0107 on zainteresowany, na podstawie jego dotychczasowych dzia\u0142a\u0144 podejmowanych w Internecie, w tym w ramach stron internetowych Administratora i na wy\u015bwietlaniu profilowanych w ten spos\u00f3b reklam produkt\u00f3w. Profilowanie, dokonywane przez Administratora nie skutkuje podejmowaniem decyzji wywo\u0142uj\u0105cych wobec U\u017cytkownika skutk\u00f3w prawnych lub wp\u0142ywaj\u0105cych na niego w podobnie istotny spos\u00f3b.<\/p>\n\n\n\n<h2 class=\"wp-block-heading\"><strong>\u015awiadczenie us\u0142ug<\/strong><\/h2>\n\n\n\n<h3 class=\"wp-block-heading\"><strong>Formularz kontaktowy<\/strong><\/h3>\n\n\n\n<p>Na stronie internetowej elpolap.com.pl, u\u017cytkownik posiada mo\u017cliwo\u015b\u0107 wys\u0142ania zapytania ofertowego, na podstawie kt\u00f3rego dokonywana jest wst\u0119pna wycena, kt\u00f3ra jest bezp\u0142atna. Wype\u0142niaj\u0105c formularz, u\u017cytkownik musi poda\u0107 takie dane kontaktowe jak: Imi\u0119 i nazwisko, Email, Telefon, Nazwa firmy. Nast\u0119pnie u\u017cytkownik podaje dane szczeg\u00f3\u0142owe dotycz\u0105ce projektu, kt\u00f3re to maj\u0105 umo\u017cliwi\u0107 nam zrozumienie potrzeb oraz oczekiwa\u0144, a tym samym wykonanie bezp\u0142atnej wyceny. Podane dane trafiaj\u0105 na nasz email oraz do systemu CRM.&nbsp;<\/p>\n\n\n\n<p>Podanie danych kontaktowych w formularzu jest jednoznaczne ze zgod\u0105 na kontakt w celu przedstawienia oferty handlowej.&nbsp;<\/p>\n\n\n\n<p>Twoje dane osobowe zawarte w tym formularzu s\u0105 przetwarzane przez czas potrzebny do zako\u0144czenia procesu decyzyjnego w zakresie ewentualnej wsp\u00f3\u0142pracy. W ka\u017cdej chwili mo\u017cesz podj\u0105\u0107 decyzj\u0119 o usuni\u0119ciu podanych danych, co skutkowa\u0107 b\u0119dzie r\u00f3wnie\u017c usuni\u0119ciem twoich danych osobowych z bazy.<\/p>\n\n\n\n<h3 class=\"wp-block-heading\"><strong>Bezp\u0142atny audyt<\/strong><\/h3>\n\n\n\n<p>Na stronie internetowej elpolap.com.pl, u\u017cytkownik posiada mo\u017cliwo\u015b\u0107 wys\u0142ania pro\u015bby o przeprowadzenie bezp\u0142atnego audytu, na podstawie kt\u00f3rej dokonywana jest wst\u0119pna analiza wybranego profilu na Social Media. Podstawowy audyt jest bezp\u0142atna. Wype\u0142niaj\u0105c formularz, u\u017cytkownik musi poda\u0107 takie dane kontaktowe jak: Imi\u0119 i nazwisko, Email, Telefon, Nazwa firmy czy link do proiflu na Social Media. Nast\u0119pnie u\u017cytkownik podaje dane szczeg\u00f3\u0142owe dotycz\u0105ce projektu, kt\u00f3re to maj\u0105 umo\u017cliwi\u0107 nam zrozumienie potrzeb oraz oczekiwa\u0144, a tym samym wykonanie bezp\u0142atnego audytu. Podane dane trafiaj\u0105 na nasz email oraz do systemu CRM.&nbsp;<\/p>\n\n\n\n<p>Podanie danych kontaktowych w formularzu jest jednoznaczne ze zgod\u0105 na kontakt w celu przedstawienia oferty handlowej.&nbsp;<\/p>\n\n\n\n<p>Twoje dane osobowe zawarte w tym formularzu s\u0105 przetwarzane przez czas potrzebny do zako\u0144czenia procesu decyzyjnego w zakresie ewentualnej wsp\u00f3\u0142pracy. W ka\u017cdej chwili mo\u017cesz podj\u0105\u0107 decyzj\u0119 o usuni\u0119ciu podanych danych, co skutkowa\u0107 b\u0119dzie r\u00f3wnie\u017c usuni\u0119ciem twoich danych osobowych z bazy.<\/p>\n\n\n\n<h3 class=\"wp-block-heading\"><strong>Newsletter \/ Marketing bezpo\u015bredni poprzez poczt\u0119 elektroniczn\u0105<\/strong><\/h3>\n\n\n\n<p>Za po\u015brednictwem strony <a href=\"https:\/\/fraktal.studio\/\" target=\"_blank\" rel=\"noopener\">www.fraktal.studio<\/a> mo\u017cesz zapisa\u0107 si\u0119 do newslettera zawieraj\u0105cego informacje o nowo\u015bciach, promocjach, produktach i us\u0142ugach zwi\u0105zanych ze stron\u0105. W celu przesy\u0142ania newslettera, przetwarzane s\u0105 Twoje dane osobowe w zakresie imienia i adresu e-mail oraz aktywno\u015bci na stronie (np. w celu przedstawienia indywidualnych rekomendacji tre\u015bci na blogu lub produkt\u00f3w).<\/p>\n\n\n\n<p>Podstaw\u0105 prawn\u0105 przetwarzania Twoich danych osobowych w przypadku newslettera jest Twoja zgoda wyra\u017cona poprzez zaznaczenie stosownej tre\u015bci checkboxa przy zapisywaniu si\u0119 do newslettera. Tak\u0105 zgod\u0119 mo\u017cesz w ka\u017cdej chwili wycofa\u0107, rezygnuj\u0105c z otrzymywania newslettera.<\/p>\n\n\n\n<p>Dane przetwarzane s\u0105 przez czas funkcjonowania newslettera, chyba, \u017ce postanowisz skorzysta\u0107 z prawa do zapomnienia co jednocze\u015bnie wi\u0105\u017ce si\u0119 z usuni\u0119ciem Twoich danych.<\/p>\n\n\n\n<h3 class=\"wp-block-heading\"><strong>Kontakt e-mailowy\/formularz kontaktowy&nbsp;<\/strong><\/h3>\n\n\n\n<p>Kontaktuj\u0105c si\u0119 z nami za po\u015brednictwem poczty elektronicznej, w spos\u00f3b naturalny przekazujesz nam sw\u00f3j adres e-mail jako adres nadawcy wiadomo\u015bci. Ponadto, w tre\u015bci wiadomo\u015bci mo\u017cesz zawrze\u0107 r\u00f3wnie\u017c inne dane osobowe.<\/p>\n\n\n\n<p>Podstaw\u0105 prawn\u0105 przetwarzania danych osobowych w takim przypadku jest Twoja zgoda wynikaj\u0105ca z zainicjowania z nami kontaktu.<\/p>\n\n\n\n<p>Twoje dane osobowe przekazywane nam w ramach kontaktu e-mailowego przetwarzane s\u0105 wy\u0142\u0105cznie w celu obs\u0142ugi Twojego zapytania. Tre\u015b\u0107 korespondencji mo\u017ce podlega\u0107 archiwizacji.<\/p>\n\n\n\n<h3 class=\"wp-block-heading\"><strong>Odzyskiwanie porzuconych formularzy<\/strong><\/h3>\n\n\n\n<p>Nasza strona wyposa\u017cona jest w mechanizm odzyskiwania porzuconych formularzy. Oznacza to, \u017ce je\u017celi wype\u0142nisz do po\u0142owy formularz do bezp\u0142atnej wyceny, a nast\u0119pnie opu\u015bcisz stron\u0119, mo\u017cesz otrzyma\u0107 wiadomo\u015b\u0107 e-mail z przypomnieniem o mo\u017cliwo\u015bci doko\u0144czenia formularza. Na potrzeby tej procedury dochodzi do przetwarzania Twoich danych osobowych zwi\u0105zanych z niedoko\u0144czonym zapytaniem ofertowym.<\/p>\n\n\n\n<h2 class=\"wp-block-heading\" id=\"cookies\"><strong>Pliki cookies i inne technologie \u015bledz\u0105ce<\/strong><\/h2>\n\n\n\n<p>Nasza strona, podobnie jak niemal wszystkie inne strony internetowe, wykorzystuje pliki cookies, by zapewni\u0107 Ci najlepsze do\u015bwiadczenia zwi\u0105zane z korzystaniem ze strony.<\/p>\n\n\n\n<p>Cookies to niewielkie informacje tekstowe, przechowywane na Twoim urz\u0105dzeniu ko\u0144cowym (np. komputerze, tablecie, smartfonie), kt\u00f3re mog\u0105 by\u0107 odczytywane przez m\u00f3j system teleinformatyczny.<\/p>\n\n\n\n<p>Cookies pozwalaj\u0105 nam:<\/p>\n\n\n\n<ul class=\"wp-block-list\">\n<li>zapewni\u0107 prawid\u0142owe funkcjonowanie strony jakiej oczekujesz,<\/li>\n\n\n\n<li>pami\u0119ta\u0107 Twoje ustawienia podczas i pomi\u0119dzy wizytami na stronie,<\/li>\n\n\n\n<li>poprawi\u0107 szybko\u015b\u0107 i bezpiecze\u0144stwo korzystania ze strony,<\/li>\n\n\n\n<li>umo\u017cliwia\u0107 Ci udost\u0119pnianie tre\u015bci w serwisach spo\u0142eczno\u015bciowych,<\/li>\n\n\n\n<li>umo\u017cliwia\u0107 Ci odtwarzanie tre\u015bci pochodz\u0105cych z serwis\u00f3w zewn\u0119trznych,<\/li>\n\n\n\n<li>ulepsza\u0107 funkcje dost\u0119pne dla Ciebie na stronie,<\/li>\n\n\n\n<li>korzysta\u0107 z narz\u0119dzi marketingowych,<\/li>\n\n\n\n<li>kierowa\u0107 do Ciebie spersonalizowane reklamy.<\/li>\n<\/ul>\n\n\n\n<h3 class=\"wp-block-heading\"><strong>Zgoda na cookies<\/strong><\/h3>\n\n\n\n<p>Podczas pierwszej wizyty w serwisie wy\u015bwietlana jest Ci informacja na temat stosowania plik\u00f3w cookies. Zaakceptowanie i zamkni\u0119cie tej informacji oznacza, \u017ce wyra\u017casz zgod\u0119 na wykorzystywanie plik\u00f3w cookies zgodnie z postanowieniami niniejszej polityki prywatno\u015bci. Zgod\u0119 zawsze mo\u017cesz wycofa\u0107, usuwaj\u0105c pliki cookies oraz zmieniaj\u0105c ustawienia plik\u00f3w cookies w Twojej przegl\u0105darce. Pami\u0119taj jednak, \u017ce wy\u0142\u0105czenie plik\u00f3w cookies mo\u017ce powodowa\u0107 trudno\u015bci w korzystaniu z serwisu, jak r\u00f3wnie\u017c z wielu innych stron internetowych, kt\u00f3re stosuj\u0105 cookies.<\/p>\n\n\n\n<h3 class=\"wp-block-heading\"><strong>Cookies W\u0142asne<\/strong><\/h3>\n\n\n\n<p>Pliki cookies mo\u017cna podzieli\u0107 na w\u0142asne oraz pochodz\u0105ce od podmiot\u00f3w trzecich. Je\u017celi chodzi o cookies w\u0142asne, wykorzystujemy je w celu prawid\u0142owego dzia\u0142ania strony takich jak prawid\u0142owe dzia\u0142anie formularza i procesu zam\u00f3wienia, okre\u015blenie, czy jeste\u015b zalogowany, czy nie, pami\u0119tanie twojego zalogowania, odnotowanie faktu akceptacji regulaminu i wyra\u017cenia zgody marketingowej etc.<\/p>\n\n\n\n<h3 class=\"wp-block-heading\"><strong>Cookies podmiot\u00f3w trzecich<\/strong><\/h3>\n\n\n\n<p>Nasza strona, podobnie jak wi\u0119kszo\u015b\u0107 wsp\u00f3\u0142czesnych stron internetowych, wykorzystuje funkcje udost\u0119pniane przez serwisy zewn\u0119trzne, takie jak Facebook czy YouTube.<\/p>\n\n\n\n<p>Odtwarzanie widocznych w serwisie embedowanych z YouTube film\u00f3w wideo \u0142\u0105czy si\u0119 z akceptacj\u0105 plik\u00f3w cookies YouTube.<\/p>\n\n\n\n<p>Korzystanie z widgetu pozwalaj\u0105cego na udost\u0119pnianie tre\u015bci w serwisach spo\u0142eczno\u015bciowych, \u0142\u0105czy si\u0119 z akceptacj\u0105 plik\u00f3w cookies Facebooka i innych serwis\u00f3w spo\u0142eczno\u015bciowych.<\/p>\n\n\n\n<p>Cookies podmiot\u00f3w trzecich wykorzystywane s\u0105 r\u00f3wnie\u017c w ramach remarketingu oraz w ramach dzia\u0142a\u0144 statystycznych, o kt\u00f3rych mowa poni\u017cej.<\/p>\n\n\n\n<h3 class=\"wp-block-heading\"><strong>Cookies wykorzystywane w celach statystycznych<\/strong><\/h3>\n\n\n\n<p>Wykorzystujemy cookies do \u015bledzenia statystyk strony internetowej, takich jak liczba os\u00f3b odwiedzaj\u0105cych stron\u0119, rodzaj systemu operacyjnego i przegl\u0105darki internetowej wykorzystywanej do przegl\u0105dania strony, czas sp\u0119dzony na stronie, odwiedzone podstrony etc. Korzystamy w tym zakresie z Google Analytics. Zbierane w tym zakresie informacje s\u0105 ca\u0142kowicie anonimowe i nie pozwalaj\u0105 na Twoj\u0105 identyfikacj\u0119.<\/p>\n\n\n\n<h3 class=\"wp-block-heading\"><strong>Cookies Marketingowe&nbsp;<\/strong><\/h3>\n\n\n\n<p>Wykorzystujemy cookies w celu prowadzenia dzia\u0142a\u0144 remarketingowych polegaj\u0105cych na prezentowaniu Ci reklam zach\u0119caj\u0105cych do powrotu do serwisu lub skorzystania z jaki\u015b promocji, zni\u017cek etc. Wykorzystujemy r\u00f3wnie\u017c kod \u015bledzenia z takich serwis\u00f3w jak: Facebook, Google Ads, LinkedIn, Tik Tok, umo\u017cliwiaj\u0105cy nam kierowanie do Ciebie reklam w ka\u017cdym z wymienionych serwis\u00f3w.&nbsp;&nbsp;<\/p>\n\n\n\n<h3 class=\"wp-block-heading\"><strong>Cookies systemu WordPress<\/strong><\/h3>\n\n\n\n<p>Je\u015bli zostawisz na naszej witrynie komentarz, b\u0119dziesz m\u00f3g\u0142 wybra\u0107 opcj\u0119 zapisu twojej nazwy, adresu email i adresu strony internetowej w ciasteczkach, dzi\u0119ki kt\u00f3rym podczas pisania kolejnych komentarzy powy\u017csze informacje b\u0119d\u0105 ju\u017c dogodnie uzupe\u0142nione. Te ciasteczka wygasaj\u0105 po roku.<\/p>\n\n\n\n<p>Je\u015bli masz konto i zalogujesz si\u0119 na tej witrynie, utworzymy tymczasowe ciasteczko na potrzeby sprawdzenia czy twoja przegl\u0105darka akceptuje ciasteczka. To ciasteczko nie zawiera \u017cadnych danych osobistych i zostanie wyrzucone kiedy zamkniesz przegl\u0105dark\u0119.<\/p>\n\n\n\n<p>Podczas logowania tworzymy dodatkowo kilka ciasteczek potrzebnych do zapisu twoich informacji logowania oraz wybranych opcji ekranu. Ciasteczka logowania wygasaj\u0105 po dw\u00f3ch dniach, a opcji ekranu po roku. Je\u015bli zaznaczysz opcj\u0119 \u201ePami\u0119taj mnie\u201d, logowanie wyga\u015bnie po dw\u00f3ch tygodniach. Je\u015bli wylogujesz si\u0119 ze swojego konta, ciasteczka logowania zostan\u0105 usuni\u0119te.<\/p>\n\n\n\n<p>Je\u015bli zmodyfikujesz albo opublikujesz artyku\u0142, w twojej przegl\u0105darce zostanie zapisane dodatkowe ciasteczko. To ciasteczko nie zawiera \u017cadnych danych osobistych, wskazuj\u0105c po prostu na identyfikator przed chwil\u0105 edytowanego artyku\u0142u. Wygasa ono po 1 dniu.<\/p>\n\n\n\n<h3 class=\"wp-block-heading\"><strong>Komentarze<\/strong><\/h3>\n\n\n\n<p>Kiedy odwiedzaj\u0105cy witryn\u0119 zostawia komentarz, zbieramy dane widoczne w formularzu komentowania, jak i adres IP odwiedzaj\u0105cego oraz podpis jego przegl\u0105darki jako pomoc przy wykrywaniu spamu.<\/p>\n\n\n\n<p>Zanonimizowany ci\u0105g znak\u00f3w stworzony na podstawie twojego adresu email (tak zwany hash) mo\u017ce zosta\u0107 przes\u0142any do us\u0142ugi Gravatar w celu sprawdzenia czy jej u\u017cywasz. Polityka prywatno\u015bci us\u0142ugi Gravatar jest dost\u0119pna tutaj: https:\/\/automattic.com\/privacy\/. Po zatwierdzeniu komentarza tw\u00f3j obrazek profilowy jest widoczny publicznie w kontek\u015bcie twojego komentarza.<\/p>\n\n\n\n<p>Komentarze go\u015bci mog\u0105 by\u0107 sprawdzane za pomoc\u0105 automatycznej us\u0142ugi wykrywania spamu.<\/p>\n\n\n\n<h3 class=\"wp-block-heading\"><strong>Media<\/strong><\/h3>\n\n\n\n<p>Je\u015bli jeste\u015b zarejestrowanym u\u017cytkownikiem i wgrywasz na witryn\u0119 obrazki, powiniene\u015b unika\u0107 przesy\u0142ania obrazk\u00f3w z tagami EXIF lokalizacji. Odwiedzaj\u0105cy stron\u0119 mog\u0105 pobra\u0107 i odczyta\u0107 pe\u0142ne dane lokalizacyjne z obrazk\u00f3w w witrynie.<\/p>\n\n\n\n<h2 class=\"wp-block-heading\"><strong>Dodatkowe narz\u0119dzia \u015bledz\u0105ce<\/strong><\/h2>\n\n\n\n<p>Strona internetowa wyposa\u017cona jest w dodatkowe narz\u0119dzia umo\u017cliwiaj\u0105ce obserwacj\u0119 u\u017cytkownika odwiedzaj\u0105cego stron\u0119 oraz zapisywanie tkzw. \u201cmapy ciep\u0142a\u201d, czyli miejsc, w kt\u00f3rych porusza si\u0119 kursor myszki. Dane zapisywane s\u0105 w formie tekstowej oraz graficznej \u2013 robimy to w celu ulepszenia strony oraz zwi\u0119kszenia UX (do\u015bwiadczenia u\u017cytkownika) i generowania indywidualnych rekomendacji zakupowych na stronie oraz w wiadomo\u015bciach e-mail.<\/p>\n\n\n\n<h2 class=\"wp-block-heading\"><strong>Logi Serwera&nbsp;<\/strong><\/h2>\n\n\n\n<p>Korzystanie ze strony wi\u0105\u017ce si\u0119 z przesy\u0142aniem zapyta\u0144 do serwera, na kt\u00f3rym przechowywana jest strona. Ka\u017cde zapytanie skierowane do serwera zapisywane jest w logach serwera.<\/p>\n\n\n\n<p>Logi obejmuj\u0105 m.in. Tw\u00f3j adres IP, dat\u0119 i czas serwera, informacje o przegl\u0105darce internetowej i systemie operacyjnym z jakiego korzystasz. Logi zapisywane i przechowywane s\u0105 na serwerze.<\/p>\n\n\n\n<p>Dane zapisane w logach serwera nie s\u0105 kojarzone z konkretnymi osobami korzystaj\u0105cymi ze serwisu i nie s\u0105 wykorzystywane przez nas w celu Twojej identyfikacji.<\/p>\n\n\n\n<p>Logi serwera stanowi\u0105 wy\u0142\u0105cznie materia\u0142 pomocniczy s\u0142u\u017c\u0105cy do administrowania serwisem a ich zawarto\u015b\u0107 nie jest ujawniana nikomu poza osobami upowa\u017cnionymi do administrowania serwerem.<\/p>\n\n\n\n<h2 class=\"wp-block-heading\"><strong>Osadzone tre\u015bci z innych witryn<\/strong><\/h2>\n\n\n\n<p>Artyku\u0142y na tej witrynie mog\u0105 zawiera\u0107 osadzone tre\u015bci (np. filmy, obrazki, artyku\u0142y itp.). Osadzone tre\u015bci z innych witryn zachowuj\u0105 si\u0119 analogicznie do tego, jakby u\u017cytkownik odwiedzi\u0142 bezpo\u015brednio konkretn\u0105 witryn\u0119.<\/p>\n\n\n\n<p>Witryny mog\u0105 zbiera\u0107 informacje o tobie, u\u017cywa\u0107 ciasteczek, do\u0142\u0105cza\u0107 dodatkowe, zewn\u0119trzne systemy \u015bledzenia i monitorowa\u0107 twoje interakcje z osadzonym materia\u0142em, w\u0142\u0105czaj\u0105c w to \u015bledzenie twoich interakcji z osadzonym materia\u0142em je\u015bli posiadasz konto i jeste\u015b zalogowany w tamtej witrynie.<\/p>\n","protected":false},"excerpt":{"rendered":"<p>Polityka prywatno\u015bci Dane osobowe Administratorem Twoich danych osobowych w rozumieniu przepis\u00f3w o ochronie danych osobowych jest Elpolap sp\u00f3\u0142ka z ograniczon\u0105 odpowiedzialno\u015bci\u0105 z siedzib\u0105 w Zalasewie (62-020), przy ul. Orzechowa 21, zarejestrowana w rejestrze przedsi\u0119biorc\u00f3w przez S\u0105d Rejonowy Pozna\u0144 Nowe Miasto-Wilda w Poznaniu, pod numerem KRS 0000998412, NIP 777 339 64 75, REGON 523459038, o kapitale [&hellip;]<\/p>\n","protected":false},"author":1,"featured_media":0,"parent":0,"menu_order":0,"comment_status":"closed","ping_status":"open","template":"page-polityka-prywatnosci.php","meta":{"footnotes":""},"class_list":["post-3","page","type-page","status-publish","hentry"],"_links":{"self":[{"href":"https:\/\/elpolap.com\/pl\/wp-json\/wp\/v2\/pages\/3","targetHints":{"allow":["GET"]}}],"collection":[{"href":"https:\/\/elpolap.com\/pl\/wp-json\/wp\/v2\/pages"}],"about":[{"href":"https:\/\/elpolap.com\/pl\/wp-json\/wp\/v2\/types\/page"}],"author":[{"embeddable":true,"href":"https:\/\/elpolap.com\/pl\/wp-json\/wp\/v2\/users\/1"}],"replies":[{"embeddable":true,"href":"https:\/\/elpolap.com\/pl\/wp-json\/wp\/v2\/comments?post=3"}],"version-history":[{"count":4,"href":"https:\/\/elpolap.com\/pl\/wp-json\/wp\/v2\/pages\/3\/revisions"}],"predecessor-version":[{"id":793,"href":"https:\/\/elpolap.com\/pl\/wp-json\/wp\/v2\/pages\/3\/revisions\/793"}],"wp:attachment":[{"href":"https:\/\/elpolap.com\/pl\/wp-json\/wp\/v2\/media?parent=3"}],"curies":[{"name":"wp","href":"https:\/\/api.w.org\/{rel}","templated":true}]}}