{"id":58,"date":"2025-10-21T20:06:08","date_gmt":"2025-10-21T20:06:08","guid":{"rendered":"https:\/\/eplopal.cfolks.pl\/?page_id=58"},"modified":"2025-12-18T12:52:20","modified_gmt":"2025-12-18T12:52:20","slug":"rodo","status":"publish","type":"page","link":"https:\/\/elpolap.com\/pl\/rodo\/","title":{"rendered":"Rodo"},"content":{"rendered":"\n<h1 class=\"wp-block-heading\"><strong>Rodo<\/strong><\/h1>\n\n\n\n<h2 class=\"wp-block-heading\"><strong>Obowi\u0105zek informacyjny RODO<\/strong> <\/h2>\n\n\n\n<p>W dniu 25 maja 2018 r. wesz\u0142y w \u017cycie nowe zasady dotycz\u0105ce ochrony danych osobowych, wynikaj\u0105ce z rozporz\u0105dzenia Parlamentu Europejskiego i Rady (UE) 2016\/679 z 27 kwietnia 2016 r. w sprawie ochrony os\u00f3b fizycznych w zwi\u0105zku z przetwarzaniem danych osobowych i w sprawie swobodnego przep\u0142ywu takich danych oraz uchylenia dyrektywy 95\/46\/WE (RODO).<\/p>\n\n\n\n<p>Chcieliby\u015bmy zapewni\u0107, \u017ce dochowujemy szczeg\u00f3lnej staranno\u015bci przy przetwarzaniu danych osobowych, dzia\u0142amy zgodnie z prawem oraz wdra\u017camy odpowiednie \u015brodki techniczne i organizacyjne, aby zapewni\u0107 bezpiecze\u0144stwo danych osobowych powierzonych naszej sp\u00f3\u0142ce. O ochron\u0119 danych osobowych dbamy ju\u017c podczas projektowania nowych dzia\u0142a\u0144.<\/p>\n\n\n\n<h2 class=\"wp-block-heading\"><strong>Administrator danych osobowych<\/strong><\/h2>\n\n\n\n<p>Elpolap sp\u00f3\u0142ka z ograniczon\u0105 odpowiedzialno\u015bci\u0105 z siedzib\u0105 w Zalasewie (62-020), przy ul. Orzechowa 21, zarejestrowana w rejestrze przedsi\u0119biorc\u00f3w przez S\u0105d Rejonowy Pozna\u0144 Nowe Miasto-Wilda w Poznaniu, pod numerem KRS 0000998412, NIP 777 339 64 75, REGON 523459038, o kapitale zak\u0142adowym 5000 z\u0142otych (w ca\u0142o\u015bci wp\u0142acony), jest administratorem danych osobowych swoich pracownik\u00f3w, wsp\u00f3\u0142pracownik\u00f3w, klient\u00f3w, oraz os\u00f3b, kt\u00f3re przekaza\u0142y swoje dane za po\u015brednictwem&nbsp; formularza na stronie internetowej lub poczty elektronicznej, a tak\u017ce innych podmiot\u00f3w, kt\u00f3re na przetwarzanie danych osobowych wyrazi\u0142y zgod\u0119.<\/p>\n\n\n\n<h2 class=\"wp-block-heading\"><strong>Podmiot przetwarzaj\u0105cy dane osobowe<\/strong><\/h2>\n\n\n\n<p>Elpolap sp\u00f3\u0142ka z ograniczon\u0105 odpowiedzialno\u015bci\u0105, przetwarza tak\u017ce dane osobowe powierzone do przetwarzania innych administrator\u00f3w, w szczeg\u00f3lno\u015bci wtedy, gdy realizowane s\u0105 zlecenia, w kt\u00f3rych Elpolap sp\u00f3\u0142ka z ograniczon\u0105 odpowiedzialno\u015bci\u0105 jest podwykonawc\u0105. W takim przypadku Elpolap sp\u00f3\u0142ka z ograniczon\u0105 odpowiedzialno\u015bci\u0105, wyst\u0119puje jako procesor danych osobowych.<\/p>\n\n\n\n<h2 class=\"wp-block-heading\"><strong>Podstawy prawne i cele przetwarzania danych osobowych<\/strong><\/h2>\n\n\n\n<p>Elpolap sp\u00f3\u0142ka z ograniczon\u0105 odpowiedzialno\u015bci\u0105 przetwarza dane osobowe tylko wtedy, gdy spe\u0142niony jest co najmniej jeden z poni\u017cszych warunk\u00f3w:<\/p>\n\n\n\n<ol class=\"wp-block-list\">\n<li>Osoba, kt\u00f3rej dane dotycz\u0105, wyrazi\u0142a zgod\u0119 na przetwarzanie swoich danych osobowych (art. 6 ust. 1a RODO),<\/li>\n\n\n\n<li>Przetwarzanie jest niezb\u0119dne do wykonania umowy, kt\u00f3rej strona jest osoba, kt\u00f3rej dane dotycz\u0105 lub do podj\u0119cia dzia\u0142a\u0144 przed zawarciem umowy (art. 6 ust. 1b RODO),<\/li>\n\n\n\n<li>Przetwarzanie jest niezb\u0119dne do wype\u0142nienia obowi\u0105zku prawnego ci\u0105\u017c\u0105cego na Elpolap sp\u00f3\u0142ka z ograniczon\u0105 odpowiedzialno\u015bci\u0105 (art. 6 ust. 1c RODO);<\/li>\n\n\n\n<li>Przetwarzanie jest niezb\u0119dne do ochrony \u017cywotnych interes\u00f3w osoby, kt\u00f3rej dane dotycz\u0105 lub innej osoby fizycznej (art. 6 ust. 1d RODO);<\/li>\n\n\n\n<li>Przetwarzanie jest niezb\u0119dne do wykonania zadania realizowanego w interesie publicznym (art. 6 ust. 1e RODO),<\/li>\n\n\n\n<li>Przetwarzanie jest niezb\u0119dne do cel\u00f3w wynikaj\u0105cych z prawnie uzasadnionych interes\u00f3w realizowanych przez Elpolap sp\u00f3\u0142ka z ograniczon\u0105 odpowiedzialno\u015bci\u0105 lub przez stron\u0119 trzeci\u0105 (art. 6 ust. 1f RODO),.<\/li>\n<\/ol>\n\n\n\n<p>Przetwarzanie danych przekazanych Elpolap sp\u00f3\u0142ka z ograniczon\u0105 odpowiedzialno\u015bci\u0105 za po\u015brednictwem poczty elektronicznej lub formularza na stronie internetowej odbywa si\u0119 na podstawie art. 6 ust. 1 a) b), c) lub f) RODO i obejmuje mi\u0119dzy innymi takie dane jak: imi\u0119, nazwisko, adres poczty elektronicznej, nr telefonu oraz inne dane, kt\u00f3re zostan\u0105 przekazane w korespondencji elektronicznej. Dane te s\u0105 przetwarzane w celu w jakim zosta\u0142y udost\u0119pnione.<\/p>\n\n\n\n<p>Dane przetwarzane na podstawie zgody (art. 6 ust. 1a RODO) , w szczeg\u00f3lno\u015bci imi\u0119, nazwisko, adres poczty elektronicznej, nr telefonu, wykorzystywane s\u0105 do celu, na jaki zgoda zosta\u0142a udzielona i przetwarzane s\u0105 do czasu cofni\u0119cia zgody lub do momentu zrealizowania celu, dla kt\u00f3rego zgoda zosta\u0142a udzielona.<\/p>\n\n\n\n<p>Dane przetwarzane w zwi\u0105zku z zawarciem umowy na podstawie art. 6 ust. 1b RODO obejmuj\u0105 w szczeg\u00f3lno\u015bci imi\u0119, nazwisko, adres, nr telefonu, adres poczty elektronicznej, NIP\/PESEL, nr rachunku bankowego oraz inne dane wynikaj\u0105ce ze specyfiki konkretnej umowy i wykorzystywane s\u0105 w celu realizacji tej umowy.<\/p>\n\n\n\n<p>Dane os\u00f3b, za pomoc\u0105 kt\u00f3rych nasi kontrahenci wykonuj\u0105 umowy zawarte z Elpolap sp\u00f3\u0142ka z ograniczon\u0105 odpowiedzialno\u015bci\u0105, przetwarzane s\u0105 w oparciu o&nbsp; art. 6 ust. 1f RODO i obejmuj\u0105 m. in. imi\u0119, nazwisko, adres poczty elektronicznej, nr telefonu. Dane te wykorzystywane s\u0105 w celu realizacji umowy.<\/p>\n\n\n\n<p>Dane powierzone do przetwarzania przez innych administrator\u00f3w, w szczeg\u00f3lno\u015bci w celu wykonania \u015bwiadczonych przez Elpolap sp\u00f3\u0142ka z ograniczon\u0105 odpowiedzialno\u015bci\u0105 us\u0142ug, przetwarzane s\u0105 na podstawie art. 6 ust. 1c lub 1 f RODO i obejmuj\u0105 mi\u0119dzy innymi: imi\u0119, nazwisko, adres do korespondencji, adres poczty elektronicznej, nr PESEL oraz inne dane niezb\u0119dne do realizacji \u015bwiadcze\u0144 w zale\u017cno\u015bci od jego rodzaju. Przetwarzanie odbywa si\u0119 w celu realizacji zleconej us\u0142ugi.<\/p>\n\n\n\n<h2 class=\"wp-block-heading\"><strong>Obowi\u0105zek podawania danych i konsekwencje niepodania danych<\/strong><\/h2>\n\n\n\n<p>Podanie danych osobowych w zwi\u0105zku z zawieran\u0105 umow\u0105 jest dobrowolne, ale konieczne do zawarcia i wykonania umowy oraz dokonania rozlicze\u0144 finansowych z tym zwi\u0105zanych.<\/p>\n\n\n\n<p>Wyra\u017cenie zgody na przetwarzanie danych osobowych, w szczeg\u00f3lno\u015bci w celach marketingowych czy informacyjnych jest dobrowolne, a zgoda mo\u017ce by\u0107 w ka\u017cdej chwili cofni\u0119ta, bez wp\u0142ywu na zgodno\u015b\u0107 z prawem przetwarzania dokonanego na podstawie zgody przed jej wycofaniem.<\/p>\n\n\n\n<p>Wskazanie adresu poczty elektronicznej oraz innych danych w korespondencji drog\u0105 elektroniczn\u0105 jest dobrowolne. Cofniecie zgody na przetwarzanie danych spowoduje brak mo\u017cliwo\u015bci prowadzenia dalszej korespondencji mailowej.<\/p>\n\n\n\n<h2 class=\"wp-block-heading\"><strong>Okres przechowywania danych osobowych&nbsp;<\/strong><\/h2>\n\n\n\n<p>Dane osobowe pozyskane w celu wykonywania umowy, przechowywane s\u0105 do czasu przedawnienia roszcze\u0144 wynikaj\u0105cych z zawartej umowy lub do czasu wyga\u015bni\u0119cia obowi\u0105zku przechowywania danych wynikaj\u0105cego z przepis\u00f3w prawa, w szczeg\u00f3lno\u015bci obowi\u0105zku przechowywania dokument\u00f3w finansowo-ksi\u0119gowych lub pracowniczych.<\/p>\n\n\n\n<p>W przypadku, gdy wy\u0142\u0105czn\u0105 podstaw\u0119 przetwarzania stanowi udzielona zgoda, cofni\u0119cie zgody spowoduje zaprzestanie przetwarzania danych, bez wp\u0142ywu na zgodno\u015b\u0107 z prawem przetwarzania, kt\u00f3rego dokonano na podstawie zgody przed jej cofni\u0119ciem.<\/p>\n\n\n\n<h2 class=\"wp-block-heading\"><strong>Prawa os\u00f3b, kt\u00f3rych dane dotycz\u0105<\/strong><\/h2>\n\n\n\n<p>Osoba, kt\u00f3rej dane dotycz\u0105, ma prawo dost\u0119pu do tre\u015bci swoich danych osobowych, prawo do ich sprostowania, \u017c\u0105dania usuni\u0119cia, jak&nbsp; r\u00f3wnie\u017c prawo do ograniczenia ich przetwarzania, prawo do przenoszenia danych, prawo do wniesienia sprzeciwu wobec przetwarzania&nbsp; danych osobowych.<\/p>\n\n\n\n<p>W przypadku, gdy podstaw\u0105 prawn\u0105 przetwarzania danych osobowych jest wyra\u017cona zgoda, przys\u0142uguje prawo do cofni\u0119cia zgody w dowolnym momencie, bez wp\u0142ywu na zgodno\u015b\u0107 z prawem przetwarzania, kt\u00f3rego dokonano na podstawie zgody przed jej cofni\u0119ciem.<\/p>\n\n\n\n<p>Ponadto w przypadku uznania, i\u017c przetwarzanie danych osobowych narusza przepisy unijnego rozporz\u0105dzenia RODO, przys\u0142uguje prawo wniesienia skargi do organu nadzorczego \u2013 Prezesa Urz\u0119du Ochrony Danych Osobowych (<a href=\"https:\/\/uodo.gov.pl\/pl\/p\/kontakt\" target=\"_blank\" rel=\"noopener\">uodo.gov.pl\/pl\/p\/kontakt<\/a>).<\/p>\n\n\n\n<h2 class=\"wp-block-heading\"><strong>Odbiorcy danych osobowych<\/strong><\/h2>\n\n\n\n<p>Dane osobowe mog\u0105 by\u0107 udost\u0119pnione podmiotom trzecim za zgod\u0105 osoby, kt\u00f3rej dane dotycz\u0105.<\/p>\n\n\n\n<p>Ponadto dane osobowe mog\u0105 zosta\u0107 udost\u0119pnione w\u00f3wczas, gdy wymaga tego wykonanie umowy \u0142\u0105cz\u0105cej strony albo w celu realizacji obowi\u0105zk\u00f3w Administratora Danych Osobowych.<\/p>\n\n\n\n<p>W przypadku przetwarzania danych osobowych na zlecenie podmiot\u00f3w trzecich Elpolap sp\u00f3\u0142ka z ograniczon\u0105 odpowiedzialno\u015bci\u0105 dzia\u0142a jako procesor, a dane s\u0105 udost\u0119pniane zgodnie z zasadami okre\u015blonymi przez Administratora Danych Osobowych.<\/p>\n\n\n\n<p>Podmioty, kt\u00f3rym mog\u0105 zosta\u0107 udost\u0119pnione dane to w zale\u017cno\u015bci od kategorii danych:&nbsp; podmioty przetwarzaj\u0105ce dane osobowe na zlecenie Elpolap sp\u00f3\u0142ka z ograniczon\u0105 odpowiedzialno\u015bci\u0105, podwykonawcy Administratora, dostawcy us\u0142ug IT, podmioty \u015bwiadcz\u0105ce us\u0142ugi ksi\u0119gowe, podmioty prowadz\u0105ce szkolenia BHP, podmioty zawieraj\u0105ce umow\u0119 ubezpieczenia oraz inne instytucje upowa\u017cnione z mocy prawa takie jak Urz\u0105d Skarbowy, S\u0105d lub ZUS.<\/p>\n\n\n\n<h2 class=\"wp-block-heading\"><strong>Profilowanie<\/strong><\/h2>\n\n\n\n<p>Elpolap sp\u00f3\u0142ka z ograniczon\u0105 odpowiedzialno\u015bci\u0105 mo\u017ce automatycznie dopasowywa\u0107 pewne tre\u015bci do potrzeb klient\u00f3w oraz os\u00f3b, kt\u00f3re przekaza\u0142y swoje dane za po\u015brednictwem formularza na stronie internetowej lub poczty elektronicznej, a tak\u017ce innych podmiot\u00f3w, kt\u00f3re na przetwarzanie danych osobowych wyrazi\u0142y zgod\u0119, tj. dokonywa\u0107 profilowania, wykorzystuj\u0105c do tego podane przez nich dane osobowe.<\/p>\n\n\n\n<p>Profilowanie to polega przede wszystkim na automatycznej ocenie, jakimi produktami mog\u0105 by\u0107 zainteresowane te osoby, na podstawie ich dotychczasowych dzia\u0142a\u0144 podejmowanych w Internecie, w tym w ramach stron internetowych Elpolap sp\u00f3\u0142ka z ograniczon\u0105 odpowiedzialno\u015bci\u0105 i na wy\u015bwietlaniu profilowanych w ten spos\u00f3b reklam produkt\u00f3w.<\/p>\n\n\n\n<p>Profilowanie, dokonywane przez Elpolap sp\u00f3\u0142ka z ograniczon\u0105 odpowiedzialno\u015bci\u0105 nie skutkuje podejmowaniem decyzji wywo\u0142uj\u0105cych wobec tych os\u00f3b okre\u015blonych skutk\u00f3w prawnych lub wp\u0142ywaj\u0105cych na nie w podobnie istotny spos\u00f3b.<\/p>\n\n\n\n<h2 class=\"wp-block-heading\"><strong>Informacja o zautomatyzowanym podejmowaniu decyzji&nbsp;<\/strong><\/h2>\n\n\n\n<p>Dane nie b\u0119d\u0105 podlega\u0142y profilowaniu, co oznacza, \u017ce nie b\u0119d\u0105 stanowi\u0142y podstawy do przypisania w spos\u00f3b automatyczny okre\u015blonych w\u0142a\u015bciwo\u015bci, cech, ani nie b\u0119d\u0105 s\u0142u\u017cy\u0142y lub do przewidywania zachowa\u0144 i preferencji.<\/p>\n\n\n\n<h2 class=\"wp-block-heading\"><strong>Dane kontaktowe<\/strong><\/h2>\n\n\n\n<p>Mo\u017cna si\u0119 z nami skontaktowa\u0107 w nast\u0119puj\u0105cy spos\u00f3b:<\/p>\n\n\n\n<ul class=\"wp-block-list\">\n<li>korespondencyjnie na adres siedziby: Elpolap sp\u00f3\u0142ka z ograniczon\u0105 odpowiedzialno\u015bci\u0105 z siedzib\u0105 w Zalasewie (62-020), przy ul. Orzechowa 21<\/li>\n\n\n\n<li>telefonicznie pod numerem +48 724 967 482<\/li>\n\n\n\n<li>za po\u015brednictwem poczty elektronicznej, adres e-mail: biuro@elpolap.com.pl<\/li>\n<\/ul>\n","protected":false},"excerpt":{"rendered":"<p>Rodo Obowi\u0105zek informacyjny RODO W dniu 25 maja 2018 r. wesz\u0142y w \u017cycie nowe zasady dotycz\u0105ce ochrony danych osobowych, wynikaj\u0105ce z rozporz\u0105dzenia Parlamentu Europejskiego i Rady (UE) 2016\/679 z 27 kwietnia 2016 r. w sprawie ochrony os\u00f3b fizycznych w zwi\u0105zku z przetwarzaniem danych osobowych i w sprawie swobodnego przep\u0142ywu takich danych oraz uchylenia dyrektywy 95\/46\/WE [&hellip;]<\/p>\n","protected":false},"author":1,"featured_media":0,"parent":0,"menu_order":0,"comment_status":"closed","ping_status":"closed","template":"page-rodo.php","meta":{"footnotes":""},"class_list":["post-58","page","type-page","status-publish","hentry"],"_links":{"self":[{"href":"https:\/\/elpolap.com\/pl\/wp-json\/wp\/v2\/pages\/58","targetHints":{"allow":["GET"]}}],"collection":[{"href":"https:\/\/elpolap.com\/pl\/wp-json\/wp\/v2\/pages"}],"about":[{"href":"https:\/\/elpolap.com\/pl\/wp-json\/wp\/v2\/types\/page"}],"author":[{"embeddable":true,"href":"https:\/\/elpolap.com\/pl\/wp-json\/wp\/v2\/users\/1"}],"replies":[{"embeddable":true,"href":"https:\/\/elpolap.com\/pl\/wp-json\/wp\/v2\/comments?post=58"}],"version-history":[{"count":5,"href":"https:\/\/elpolap.com\/pl\/wp-json\/wp\/v2\/pages\/58\/revisions"}],"predecessor-version":[{"id":797,"href":"https:\/\/elpolap.com\/pl\/wp-json\/wp\/v2\/pages\/58\/revisions\/797"}],"wp:attachment":[{"href":"https:\/\/elpolap.com\/pl\/wp-json\/wp\/v2\/media?parent=58"}],"curies":[{"name":"wp","href":"https:\/\/api.w.org\/{rel}","templated":true}]}}